{"id":5633,"date":"2023-01-14T09:21:22","date_gmt":"2023-01-14T09:21:22","guid":{"rendered":"https:\/\/galerieballesteros.fr\/alfred-stevens-2\/"},"modified":"2023-01-15T11:14:25","modified_gmt":"2023-01-15T11:14:25","slug":"alfred-stevens-2","status":"publish","type":"page","link":"https:\/\/galerieballesteros.fr\/en\/alfred-stevens-2\/","title":{"rendered":"Pierre YSERN Y ALI\u00c9"},"content":{"rendered":"<div class=\"fusion-fullwidth fullwidth-box fusion-builder-row-1 fusion-flex-container nonhundred-percent-fullwidth non-hundred-percent-height-scrolling\" style=\"--awb-border-radius-top-left:0px;--awb-border-radius-top-right:0px;--awb-border-radius-bottom-right:0px;--awb-border-radius-bottom-left:0px;--awb-flex-wrap:wrap;\" ><div class=\"fusion-builder-row fusion-row fusion-flex-align-items-flex-start fusion-flex-content-wrap\" style=\"max-width:1996.8px;margin-left: calc(-4% \/ 2 );margin-right: calc(-4% \/ 2 );\"><div class=\"fusion-layout-column fusion_builder_column fusion-builder-column-0 fusion_builder_column_1_3 1_3 fusion-flex-column\" style=\"--awb-bg-size:cover;--awb-width-large:33.333333333333%;--awb-margin-top-large:0px;--awb-spacing-right-large:5.76%;--awb-margin-bottom-large:20px;--awb-spacing-left-large:5.76%;--awb-width-medium:33.333333333333%;--awb-order-medium:0;--awb-spacing-right-medium:5.76%;--awb-spacing-left-medium:5.76%;--awb-width-small:100%;--awb-order-small:0;--awb-spacing-right-small:1.92%;--awb-spacing-left-small:1.92%;\"><div class=\"fusion-column-wrapper fusion-column-has-shadow fusion-flex-justify-content-flex-start fusion-content-layout-column\"><div class=\"fusion-image-element \" style=\"text-align:center;--awb-caption-title-font-family:var(--h2_typography-font-family);--awb-caption-title-font-weight:var(--h2_typography-font-weight);--awb-caption-title-font-style:var(--h2_typography-font-style);--awb-caption-title-size:var(--h2_typography-font-size);--awb-caption-title-transform:var(--h2_typography-text-transform);--awb-caption-title-line-height:var(--h2_typography-line-height);--awb-caption-title-letter-spacing:var(--h2_typography-letter-spacing);\"><span class=\" fusion-imageframe imageframe-none imageframe-1 hover-type-none\"><img decoding=\"async\" width=\"228\" height=\"300\" alt=\"Pierre YSERN Y ALI\u00c9 (1875-1946)\" title=\"IMG_3150\" src=\"https:\/\/galerieballesteros.fr\/wp-content\/uploads\/2023\/01\/IMG_3150.jpg\" data-orig-src=\"https:\/\/galerieballesteros.fr\/wp-content\/uploads\/2023\/01\/IMG_3150-228x300.jpg\" class=\"lazyload img-responsive wp-image-5631\" srcset=\"data:image\/svg+xml,%3Csvg%20xmlns%3D%27http%3A%2F%2Fwww.w3.org%2F2000%2Fsvg%27%20width%3D%27475%27%20height%3D%27626%27%20viewBox%3D%270%200%20475%20626%27%3E%3Crect%20width%3D%27475%27%20height%3D%27626%27%20fill-opacity%3D%220%22%2F%3E%3C%2Fsvg%3E\" data-srcset=\"https:\/\/galerieballesteros.fr\/wp-content\/uploads\/2023\/01\/IMG_3150-200x264.jpg 200w, https:\/\/galerieballesteros.fr\/wp-content\/uploads\/2023\/01\/IMG_3150-400x527.jpg 400w, https:\/\/galerieballesteros.fr\/wp-content\/uploads\/2023\/01\/IMG_3150.jpg 475w\" data-sizes=\"auto\" data-orig-sizes=\"(max-width: 800px) 100vw, 228px\" \/><\/span><\/div><\/div><\/div><div class=\"fusion-layout-column fusion_builder_column fusion-builder-column-1 fusion_builder_column_2_3 2_3 fusion-flex-column\" style=\"--awb-bg-size:cover;--awb-width-large:66.666666666667%;--awb-margin-top-large:0px;--awb-spacing-right-large:2.88%;--awb-margin-bottom-large:20px;--awb-spacing-left-large:2.88%;--awb-width-medium:66.666666666667%;--awb-order-medium:0;--awb-spacing-right-medium:2.88%;--awb-spacing-left-medium:2.88%;--awb-width-small:100%;--awb-order-small:0;--awb-spacing-right-small:1.92%;--awb-spacing-left-small:1.92%;\"><div class=\"fusion-column-wrapper fusion-column-has-shadow fusion-flex-justify-content-flex-start fusion-content-layout-column\"><div class=\"fusion-content-boxes content-boxes columns row fusion-columns-1 fusion-columns-total-4 fusion-content-boxes-1 content-boxes-icon-with-title content-left\" style=\"--awb-hover-accent-color:#782555;--awb-circle-hover-accent-color:#782555;--awb-item-margin-bottom:40px;\" data-animationOffset=\"top-into-view\"><div style=\"--awb-backgroundcolor:rgba(255,255,255,0);\" class=\"fusion-column content-box-column content-box-column content-box-column-1 col-lg-12 col-md-12 col-sm-12 fusion-content-box-hover content-box-column-last-in-row\"><div class=\"col content-box-wrapper content-wrapper link-area-link-icon content-icon-wrapper-yes icon-hover-animation-fade\" data-animationOffset=\"top-into-view\"><div class=\"heading heading-with-icon icon-left\"><div class=\"icon\"><span style=\"height:42px;width:42px;line-height:22px;border-color:rgba(255,255,255,0);border-width:1px;border-style:solid;background-color:#212934;box-sizing:content-box;border-radius:50%;\"><i style=\"border-color:#212934;border-width:1px;background-color:#212934;box-sizing:content-box;height:40px;width:40px;line-height:40px;border-radius:50%;position:relative;top:auto;left:auto;margin:0;border-radius:50%;font-size:20px;\" aria-hidden=\"true\" class=\"fontawesome-icon fa-palette fas circle-yes\"><\/i><\/span><\/div><h2 class=\"content-box-heading\" style=\"--h2_typography-font-size:24px;line-height:29px;\">Pierre YSERN Y ALI\u00c9 (1875-1946) Catalan.<\/h2><\/div><div class=\"fusion-clearfix\"><\/div><div class=\"content-container\">\n<p>Alfred Stevens is a Belgian painter in Paris. It plays a leading role in the dialogue between the two nations, alternately Belgian in France and French in Belgium. If Courbet, Manet, Rude and Rodin radiated throughout Belgium, the attraction towards France was so strong that many Belgian artists, and not the least, are considered Parisians by adoption: it is the case of Alfred Stevens.<\/p>\n<p>In Paris in 1844, the painter became known for his refined portraits of the beautiful world, depicting the elegant Parisian of the Second Empire. A friend of Manet, Scholl and Baudelaire, he was admitted to the School of Fine Arts and frequented the workshop of the great master Ingres. The wave of Japonism gave impetus to his painting from 1865.<\/p>\n<p>A friend of Bazille, he portrayed and developed a decorative style. Thereafter, he gradually left the slick representations of the bourgeoisie for other everyday scenes, borrowed from verismo although still elegant (see the painting \u201cLa femme au bain\u201d, circa 1873, Mus\u00e9e d&#8217;Orsay). At that time, the painter knew his hours of glory. In France, Mathilde Bonaparte supports her work, the Belgian king gives her a public order.<\/p>\n<p>In 1880, the painter experienced difficulties: the beginnings of a new style of painting, Impressionism, called into question his pictorial approach. His doctor sends him to Menton, he travels in the north of France. Berthe Morisot pushes him towards Impressionism which he adopts in his seascapes, whose sensitivity and modernity are in every respect similar to those of Jongking.<\/p>\n<\/div><\/div><\/div><div style=\"--awb-backgroundcolor:rgba(255,255,255,0);\" class=\"fusion-column content-box-column content-box-column content-box-column-2 col-lg-12 col-md-12 col-sm-12 fusion-content-box-hover content-box-column-last-in-row\"><div class=\"col content-box-wrapper content-wrapper link-area-link-icon content-icon-wrapper-yes icon-hover-animation-fade\" data-animationOffset=\"top-into-view\"><div class=\"heading heading-with-icon icon-left\"><div class=\"icon\"><span style=\"height:42px;width:42px;line-height:22px;border-color:rgba(255,255,255,0);border-width:1px;border-style:solid;background-color:#212934;box-sizing:content-box;border-radius:50%;\"><i style=\"border-color:#212934;border-width:1px;background-color:#212934;box-sizing:content-box;height:40px;width:40px;line-height:40px;border-radius:50%;position:relative;top:auto;left:auto;margin:0;border-radius:50%;font-size:20px;\" aria-hidden=\"true\" class=\"fontawesome-icon fa-landmark fas circle-yes\"><\/i><\/span><\/div><h2 class=\"content-box-heading\" style=\"--h2_typography-font-size:24px;line-height:29px;\">Expositions et \u00e9v\u00e8nements importants \u2022 1888 : Exposition Universelle de Barcelone 1919 : Exposition Nationale des Beaux-Arts de Barcelone (\u0152uvres principales : Pedralles et Alentours de Barcelone) 1925 : Exposition \u00e0 la Galerie Daulmau \u00e0 Barcelone 1927 : Exposition \u00e0 La Pinacoteca<\/h2><\/div><div class=\"fusion-clearfix\"><\/div><div class=\"content-container\">\n<p>\u2022 In Paris, Mus\u00e9e d&#8217;Orsay, Mus\u00e9e du Louvre Graphic Arts department.<\/p>\n<p>\u2022 In France: Lille Museum of Fine Arts, Rouen Museum of Fine Arts, Reims Museum of Fine Arts, Compi\u00e8gne Castle National Museum, Dijon Magnin National Museum, Marseille Museum of Fine Arts, Fabrice from Montpellier.<\/p>\n<\/div><\/div><\/div><div style=\"--awb-backgroundcolor:rgba(255,255,255,0);\" class=\"fusion-column content-box-column content-box-column content-box-column-3 col-lg-12 col-md-12 col-sm-12 fusion-content-box-hover content-box-column-last-in-row\"><div class=\"col content-box-wrapper content-wrapper link-area-link-icon content-icon-wrapper-yes icon-hover-animation-fade\" data-animationOffset=\"top-into-view\"><div class=\"heading heading-with-icon icon-left\"><div class=\"icon\"><span style=\"height:42px;width:42px;line-height:22px;border-color:rgba(255,255,255,0);border-width:1px;border-style:solid;background-color:#212934;box-sizing:content-box;border-radius:50%;\"><i style=\"border-color:#212934;border-width:1px;background-color:#212934;box-sizing:content-box;height:40px;width:40px;line-height:40px;border-radius:50%;position:relative;top:auto;left:auto;margin:0;border-radius:50%;font-size:20px;\" aria-hidden=\"true\" class=\"fontawesome-icon fa-book-open fas circle-yes\"><\/i><\/span><\/div><h2 class=\"content-box-heading\" style=\"--h2_typography-font-size:24px;line-height:29px;\">BIBILIOGRAPHIE: Rafael Manzano, Pere Ysern i Ali\u00e9 1875-1946, Diccionari R\u00e0fols\/edicions catalanes, Biblioteca Monografica de Arte Hispanica, Barcelona, 1990 En 1924, Georges Turpin lui consacre une br\u00e8ve biographie : \u00ab Pere Ysern i Ali\u00e9 peintre de danseuses \u00bb, article de la Revue litt\u00e9raire et artistique, Paris Georges Turpin, Pierre Ysern y Ali\u00e9 peintre de danseuses, Paris, 1924. Rafael Manzano, Pere Ysern, Edicions Catalanes, Barcelona, 1990. Froukje Hoekdtra, Toulouse-Lautrec, PML Editions pour l'\u00e9dition fran\u00e7aise, Paris 1993. Jacques Lassaigne, L'Impressionisme, sources et d\u00e9passement, 1859-1900, Skira, Gen\u00e8ve, 1974. Patrick Weber, Histoire de l'art et des styles, Librio, 2005.<\/h2><\/div><div class=\"fusion-clearfix\"><\/div><div class=\"content-container\">\n<p>\u2022 In 1886, he wrote the famous <i>Impressions sur la peinture<\/i> , the book was a great success and was translated into several languages:<span class=\"Apple-converted-space\"> <\/span>Alfred Stevens, <i>Impressions on painting<\/i> , Paris, Librairie des Bibliophiles, 1883, 96 pages.<span class=\"Apple-converted-space\"> <\/span><\/p>\n<p>\u2022 \u201cLe Monde illustr\u00e9\u201d, August 18, 1883, p. 1-3.<span class=\"Apple-converted-space\"> <\/span><\/p>\n<\/div><\/div><\/div><div style=\"--awb-backgroundcolor:rgba(255,255,255,0);\" class=\"fusion-column content-box-column content-box-column content-box-column-4 col-lg-12 col-md-12 col-sm-12 fusion-content-box-hover content-box-column-last content-box-column-last-in-row\"><div class=\"col content-box-wrapper content-wrapper link-area-link-icon content-icon-wrapper-yes icon-hover-animation-fade\" data-animationOffset=\"top-into-view\"><div class=\"heading icon-left\"><h2 class=\"content-box-heading\" style=\"--h2_typography-font-size:24px;line-height:29px;\">&#8221;<\/h2><\/div><div class=\"fusion-clearfix\"><\/div><div class=\"content-container\"> Ysern suddenly started to paint. I watch him. His gaze embraces the scene with a quick glance and the colors flutter on the stage. Andr\u00e9 Payer, Revue litt\u00e9raire, 1924.This painting reflects the painter&#8217;s affection for the dancers he paints: bright, eventful and reciprocal. In the center, he captures a dancer who, like a white flower, is about to make the petals of her petticoat twirl. Behind her, the painter sets the scene: he suggests two dancers, the curtain and the backstage with a spontaneous gesture. In the foreground, Ysern y Ali\u00e9 briefly signifies a few musical instruments: the top of a harp, a cello&#8230; In doing so, he gives the spectator the impression of watching the dancers from the orchestra. The palette, vivid, detours the subjects in large colored masses. His pictorial mastery makes him a supporter of color rather than drawing. In Paris, the painter had taken the habit of going to dance halls which, with the complicity of an usherette, opened a box for him. Inside, he would pull out his little box of painting materials and immediately he was at work, while a dazzling firework display of a ballet of girls dazzled on the stage. &#8220;Like Toulouse-Lautrec, he likes to study the striking effects of contrast, the unforeseen relationships, the astonishing lighting that spreads, suddenly focused on a face, a pair of legs in movement, the raw and pale light of a projector,&#8221; testifies Andr\u00e9 Payer. Did Ysern Y Ali\u00e9 seek to continue the tradition of Degas? Georges Turpin, a friend and critic, answers negatively. In Catalonia, Ali\u00e9 defines himself as an impressionist who ignores himself. In Paris, he became aware of the affinity he had with a Renoir, a Pissaro or a Manet. Later, he classified himself as a Tachist.&#8221; backgroundcolor=&#8221;&#8221; hue=&#8221;&#8221; saturation=&#8221;&#8221; lightness=&#8221;&#8221; alpha=&#8221;&#8221; icon=&#8221;&#8221; iconflip=&#8221;&#8221; iconrotate=&#8221;&#8221; iconspin=&#8221;&#8221; iconcolor=&#8221;&#8221; circlecolor=&#8221;&#8221; circlebordersize=&#8221;&#8221; circlebordercolor=&#8221;&#8221; outercirclebordersize=&#8221;&#8221; outercirclebordercolor=&#8221;&#8221; image=&#8221;&#8221; image_id=&#8221;&#8221; image_max_width=&#8221;&#8221; link=&#8221;&#8221; linktext=&#8221;&#8221; link_target=&#8221;&#8221; animation_type=&#8221;&#8221; animation_direction=&#8221;left&#8221; animation_speed=&#8221;0.3&#8243; animation_offset=&#8221;&#8221;]\n<p>Your Content Goes Here<\/p>\n<\/div><\/div><\/div><div class=\"fusion-clearfix\"><\/div><\/div><\/div><\/div><\/div><\/div>\n","protected":false},"excerpt":{"rendered":"","protected":false},"author":2,"featured_media":0,"parent":0,"menu_order":0,"comment_status":"closed","ping_status":"closed","template":"","meta":{"_monsterinsights_skip_tracking":false,"_monsterinsights_sitenote_active":false,"_monsterinsights_sitenote_note":"","_monsterinsights_sitenote_category":0,"footnotes":""},"class_list":["post-5633","page","type-page","status-publish","hentry"],"yoast_head":"<!-- This site is optimized with the Yoast SEO plugin v27.4 - https:\/\/yoast.com\/product\/yoast-seo-wordpress\/ -->\n<title>Pierre YSERN Y ALI\u00c9 - Galerie Ballesteros<\/title>\n<meta name=\"robots\" content=\"index, follow, max-snippet:-1, max-image-preview:large, max-video-preview:-1\" \/>\n<link rel=\"canonical\" href=\"https:\/\/galerieballesteros.fr\/en\/alfred-stevens-2\/\" \/>\n<meta property=\"og:locale\" content=\"en_US\" \/>\n<meta property=\"og:type\" content=\"article\" \/>\n<meta property=\"og:title\" content=\"Pierre YSERN Y ALI\u00c9 - Galerie Ballesteros\" \/>\n<meta property=\"og:url\" content=\"https:\/\/galerieballesteros.fr\/en\/alfred-stevens-2\/\" \/>\n<meta property=\"og:site_name\" content=\"Galerie Ballesteros\" \/>\n<meta property=\"article:publisher\" content=\"https:\/\/www.facebook.com\/galerieballesterosparis\/\" \/>\n<meta property=\"article:modified_time\" content=\"2023-01-15T11:14:25+00:00\" \/>\n<meta property=\"og:image\" content=\"https:\/\/galerieballesteros.fr\/wp-content\/uploads\/2023\/05\/Galerie-Ballesteros-Marche-Biron.jpg\" \/>\n\t<meta property=\"og:image:width\" content=\"1280\" \/>\n\t<meta property=\"og:image:height\" content=\"720\" \/>\n\t<meta property=\"og:image:type\" content=\"image\/jpeg\" \/>\n<meta name=\"twitter:card\" content=\"summary_large_image\" \/>\n<meta name=\"twitter:label1\" content=\"Est. reading time\" \/>\n\t<meta name=\"twitter:data1\" content=\"11 minutes\" \/>\n<script type=\"application\/ld+json\" class=\"yoast-schema-graph\">{\"@context\":\"https:\\\/\\\/schema.org\",\"@graph\":[{\"@type\":\"WebPage\",\"@id\":\"https:\\\/\\\/galerieballesteros.fr\\\/en\\\/alfred-stevens-2\\\/\",\"url\":\"https:\\\/\\\/galerieballesteros.fr\\\/en\\\/alfred-stevens-2\\\/\",\"name\":\"Pierre YSERN Y ALI\u00c9 - Galerie Ballesteros\",\"isPartOf\":{\"@id\":\"https:\\\/\\\/galerieballesteros.fr\\\/#website\"},\"datePublished\":\"2023-01-14T09:21:22+00:00\",\"dateModified\":\"2023-01-15T11:14:25+00:00\",\"breadcrumb\":{\"@id\":\"https:\\\/\\\/galerieballesteros.fr\\\/en\\\/alfred-stevens-2\\\/#breadcrumb\"},\"inLanguage\":\"en-US\",\"potentialAction\":[{\"@type\":\"ReadAction\",\"target\":[\"https:\\\/\\\/galerieballesteros.fr\\\/en\\\/alfred-stevens-2\\\/\"]}]},{\"@type\":\"BreadcrumbList\",\"@id\":\"https:\\\/\\\/galerieballesteros.fr\\\/en\\\/alfred-stevens-2\\\/#breadcrumb\",\"itemListElement\":[{\"@type\":\"ListItem\",\"position\":1,\"name\":\"Accueil\",\"item\":\"https:\\\/\\\/galerieballesteros.fr\\\/en\\\/homepage\\\/\"},{\"@type\":\"ListItem\",\"position\":2,\"name\":\"Pierre YSERN Y ALI\u00c9\"}]},{\"@type\":\"WebSite\",\"@id\":\"https:\\\/\\\/galerieballesteros.fr\\\/#website\",\"url\":\"https:\\\/\\\/galerieballesteros.fr\\\/\",\"name\":\"Galerie Ballesteros\",\"description\":\"L&#039;Art que vous aimez\",\"publisher\":{\"@id\":\"https:\\\/\\\/galerieballesteros.fr\\\/#organization\"},\"potentialAction\":[{\"@type\":\"SearchAction\",\"target\":{\"@type\":\"EntryPoint\",\"urlTemplate\":\"https:\\\/\\\/galerieballesteros.fr\\\/?s={search_term_string}\"},\"query-input\":{\"@type\":\"PropertyValueSpecification\",\"valueRequired\":true,\"valueName\":\"search_term_string\"}}],\"inLanguage\":\"en-US\"},{\"@type\":\"Organization\",\"@id\":\"https:\\\/\\\/galerieballesteros.fr\\\/#organization\",\"name\":\"Galerie Ballesteros\",\"url\":\"https:\\\/\\\/galerieballesteros.fr\\\/\",\"logo\":{\"@type\":\"ImageObject\",\"inLanguage\":\"en-US\",\"@id\":\"https:\\\/\\\/galerieballesteros.fr\\\/#\\\/schema\\\/logo\\\/image\\\/\",\"url\":\"https:\\\/\\\/galerieballesteros.fr\\\/wp-content\\\/uploads\\\/2022\\\/03\\\/Logo-Sigle-Insta.png\",\"contentUrl\":\"https:\\\/\\\/galerieballesteros.fr\\\/wp-content\\\/uploads\\\/2022\\\/03\\\/Logo-Sigle-Insta.png\",\"width\":612,\"height\":619,\"caption\":\"Galerie Ballesteros\"},\"image\":{\"@id\":\"https:\\\/\\\/galerieballesteros.fr\\\/#\\\/schema\\\/logo\\\/image\\\/\"},\"sameAs\":[\"https:\\\/\\\/www.facebook.com\\\/galerieballesterosparis\\\/\",\"https:\\\/\\\/www.instagram.com\\\/galerieballesteros\\\/\"]}]}<\/script>\n<!-- \/ Yoast SEO plugin. -->","yoast_head_json":{"title":"Pierre YSERN Y ALI\u00c9 - Galerie Ballesteros","robots":{"index":"index","follow":"follow","max-snippet":"max-snippet:-1","max-image-preview":"max-image-preview:large","max-video-preview":"max-video-preview:-1"},"canonical":"https:\/\/galerieballesteros.fr\/en\/alfred-stevens-2\/","og_locale":"en_US","og_type":"article","og_title":"Pierre YSERN Y ALI\u00c9 - Galerie Ballesteros","og_url":"https:\/\/galerieballesteros.fr\/en\/alfred-stevens-2\/","og_site_name":"Galerie Ballesteros","article_publisher":"https:\/\/www.facebook.com\/galerieballesterosparis\/","article_modified_time":"2023-01-15T11:14:25+00:00","og_image":[{"width":1280,"height":720,"url":"https:\/\/galerieballesteros.fr\/wp-content\/uploads\/2023\/05\/Galerie-Ballesteros-Marche-Biron.jpg","type":"image\/jpeg"}],"twitter_card":"summary_large_image","twitter_misc":{"Est. reading time":"11 minutes"},"schema":{"@context":"https:\/\/schema.org","@graph":[{"@type":"WebPage","@id":"https:\/\/galerieballesteros.fr\/en\/alfred-stevens-2\/","url":"https:\/\/galerieballesteros.fr\/en\/alfred-stevens-2\/","name":"Pierre YSERN Y ALI\u00c9 - Galerie Ballesteros","isPartOf":{"@id":"https:\/\/galerieballesteros.fr\/#website"},"datePublished":"2023-01-14T09:21:22+00:00","dateModified":"2023-01-15T11:14:25+00:00","breadcrumb":{"@id":"https:\/\/galerieballesteros.fr\/en\/alfred-stevens-2\/#breadcrumb"},"inLanguage":"en-US","potentialAction":[{"@type":"ReadAction","target":["https:\/\/galerieballesteros.fr\/en\/alfred-stevens-2\/"]}]},{"@type":"BreadcrumbList","@id":"https:\/\/galerieballesteros.fr\/en\/alfred-stevens-2\/#breadcrumb","itemListElement":[{"@type":"ListItem","position":1,"name":"Accueil","item":"https:\/\/galerieballesteros.fr\/en\/homepage\/"},{"@type":"ListItem","position":2,"name":"Pierre YSERN Y ALI\u00c9"}]},{"@type":"WebSite","@id":"https:\/\/galerieballesteros.fr\/#website","url":"https:\/\/galerieballesteros.fr\/","name":"Galerie Ballesteros","description":"L&#039;Art que vous aimez","publisher":{"@id":"https:\/\/galerieballesteros.fr\/#organization"},"potentialAction":[{"@type":"SearchAction","target":{"@type":"EntryPoint","urlTemplate":"https:\/\/galerieballesteros.fr\/?s={search_term_string}"},"query-input":{"@type":"PropertyValueSpecification","valueRequired":true,"valueName":"search_term_string"}}],"inLanguage":"en-US"},{"@type":"Organization","@id":"https:\/\/galerieballesteros.fr\/#organization","name":"Galerie Ballesteros","url":"https:\/\/galerieballesteros.fr\/","logo":{"@type":"ImageObject","inLanguage":"en-US","@id":"https:\/\/galerieballesteros.fr\/#\/schema\/logo\/image\/","url":"https:\/\/galerieballesteros.fr\/wp-content\/uploads\/2022\/03\/Logo-Sigle-Insta.png","contentUrl":"https:\/\/galerieballesteros.fr\/wp-content\/uploads\/2022\/03\/Logo-Sigle-Insta.png","width":612,"height":619,"caption":"Galerie Ballesteros"},"image":{"@id":"https:\/\/galerieballesteros.fr\/#\/schema\/logo\/image\/"},"sameAs":["https:\/\/www.facebook.com\/galerieballesterosparis\/","https:\/\/www.instagram.com\/galerieballesteros\/"]}]}},"_links":{"self":[{"href":"https:\/\/galerieballesteros.fr\/en\/wp-json\/wp\/v2\/pages\/5633","targetHints":{"allow":["GET"]}}],"collection":[{"href":"https:\/\/galerieballesteros.fr\/en\/wp-json\/wp\/v2\/pages"}],"about":[{"href":"https:\/\/galerieballesteros.fr\/en\/wp-json\/wp\/v2\/types\/page"}],"author":[{"embeddable":true,"href":"https:\/\/galerieballesteros.fr\/en\/wp-json\/wp\/v2\/users\/2"}],"replies":[{"embeddable":true,"href":"https:\/\/galerieballesteros.fr\/en\/wp-json\/wp\/v2\/comments?post=5633"}],"version-history":[{"count":9,"href":"https:\/\/galerieballesteros.fr\/en\/wp-json\/wp\/v2\/pages\/5633\/revisions"}],"predecessor-version":[{"id":5665,"href":"https:\/\/galerieballesteros.fr\/en\/wp-json\/wp\/v2\/pages\/5633\/revisions\/5665"}],"wp:attachment":[{"href":"https:\/\/galerieballesteros.fr\/en\/wp-json\/wp\/v2\/media?parent=5633"}],"curies":[{"name":"wp","href":"https:\/\/api.w.org\/{rel}","templated":true}]}}