{"id":3597,"date":"2022-03-09T10:52:12","date_gmt":"2022-03-09T10:52:12","guid":{"rendered":"https:\/\/galerieballesteros.fr\/gustave-singier\/"},"modified":"2022-03-25T16:03:42","modified_gmt":"2022-03-25T16:03:42","slug":"gustave-singier","status":"publish","type":"page","link":"https:\/\/galerieballesteros.fr\/en\/gustave-singier\/","title":{"rendered":"Gustave Singier"},"content":{"rendered":"<div class=\"fusion-fullwidth fullwidth-box fusion-builder-row-1 fusion-flex-container nonhundred-percent-fullwidth non-hundred-percent-height-scrolling\" style=\"--awb-border-radius-top-left:0px;--awb-border-radius-top-right:0px;--awb-border-radius-bottom-right:0px;--awb-border-radius-bottom-left:0px;--awb-flex-wrap:wrap;\" ><div class=\"fusion-builder-row fusion-row fusion-flex-align-items-flex-start fusion-flex-content-wrap\" style=\"max-width:1996.8px;margin-left: calc(-4% \/ 2 );margin-right: calc(-4% \/ 2 );\"><div class=\"fusion-layout-column fusion_builder_column fusion-builder-column-0 fusion_builder_column_1_3 1_3 fusion-flex-column\" style=\"--awb-bg-size:cover;--awb-width-large:33.333333333333%;--awb-margin-top-large:0px;--awb-spacing-right-large:5.76%;--awb-margin-bottom-large:20px;--awb-spacing-left-large:5.76%;--awb-width-medium:33.333333333333%;--awb-order-medium:0;--awb-spacing-right-medium:5.76%;--awb-spacing-left-medium:5.76%;--awb-width-small:100%;--awb-order-small:0;--awb-spacing-right-small:1.92%;--awb-spacing-left-small:1.92%;\"><div class=\"fusion-column-wrapper fusion-column-has-shadow fusion-flex-justify-content-flex-start fusion-content-layout-column\"><div class=\"fusion-image-element \" style=\"text-align:center;--awb-caption-title-font-family:var(--h2_typography-font-family);--awb-caption-title-font-weight:var(--h2_typography-font-weight);--awb-caption-title-font-style:var(--h2_typography-font-style);--awb-caption-title-size:var(--h2_typography-font-size);--awb-caption-title-transform:var(--h2_typography-text-transform);--awb-caption-title-line-height:var(--h2_typography-line-height);--awb-caption-title-letter-spacing:var(--h2_typography-letter-spacing);\"><span class=\" fusion-imageframe imageframe-none imageframe-1 hover-type-none\"><img decoding=\"async\" width=\"559\" height=\"586\" title=\"Gustave Singier Artiste Portrait\" src=\"https:\/\/galerieballesteros.fr\/wp-content\/uploads\/2022\/03\/sap52_1l002102_p-e1646826719604.jpg\" data-orig-src=\"https:\/\/galerieballesteros.fr\/wp-content\/uploads\/2022\/03\/sap52_1l002102_p-e1646826719604.jpg\" alt class=\"lazyload img-responsive wp-image-3514\" srcset=\"data:image\/svg+xml,%3Csvg%20xmlns%3D%27http%3A%2F%2Fwww.w3.org%2F2000%2Fsvg%27%20width%3D%27559%27%20height%3D%27586%27%20viewBox%3D%270%200%20559%20586%27%3E%3Crect%20width%3D%27559%27%20height%3D%27586%27%20fill-opacity%3D%220%22%2F%3E%3C%2Fsvg%3E\" data-srcset=\"https:\/\/galerieballesteros.fr\/wp-content\/uploads\/2022\/03\/sap52_1l002102_p-e1646826719604-200x210.jpg 200w, https:\/\/galerieballesteros.fr\/wp-content\/uploads\/2022\/03\/sap52_1l002102_p-e1646826719604-400x419.jpg 400w, https:\/\/galerieballesteros.fr\/wp-content\/uploads\/2022\/03\/sap52_1l002102_p-e1646826719604.jpg 559w\" data-sizes=\"auto\" data-orig-sizes=\"(max-width: 800px) 100vw, 559px\" \/><\/span><\/div><\/div><\/div><div class=\"fusion-layout-column fusion_builder_column fusion-builder-column-1 fusion_builder_column_2_3 2_3 fusion-flex-column\" style=\"--awb-bg-size:cover;--awb-width-large:66.666666666667%;--awb-margin-top-large:0px;--awb-spacing-right-large:2.88%;--awb-margin-bottom-large:20px;--awb-spacing-left-large:2.88%;--awb-width-medium:66.666666666667%;--awb-order-medium:0;--awb-spacing-right-medium:2.88%;--awb-spacing-left-medium:2.88%;--awb-width-small:100%;--awb-order-small:0;--awb-spacing-right-small:1.92%;--awb-spacing-left-small:1.92%;\"><div class=\"fusion-column-wrapper fusion-column-has-shadow fusion-flex-justify-content-flex-start fusion-content-layout-column\"><div class=\"fusion-content-boxes content-boxes columns row fusion-columns-1 fusion-columns-total-3 fusion-content-boxes-1 content-boxes-icon-with-title content-left\" style=\"--awb-hover-accent-color:#782555;--awb-circle-hover-accent-color:#782555;--awb-item-margin-bottom:40px;\" data-animationOffset=\"top-into-view\"><div style=\"--awb-backgroundcolor:rgba(255,255,255,0);\" class=\"fusion-column content-box-column content-box-column content-box-column-1 col-lg-12 col-md-12 col-sm-12 fusion-content-box-hover content-box-column-last-in-row\"><div class=\"col content-box-wrapper content-wrapper link-area-link-icon content-icon-wrapper-yes icon-hover-animation-fade\" data-animationOffset=\"top-into-view\"><div class=\"heading heading-with-icon icon-left\"><div class=\"icon\"><span style=\"height:42px;width:42px;line-height:22px;border-color:rgba(255,255,255,0);border-width:1px;border-style:solid;background-color:#212934;box-sizing:content-box;border-radius:50%;\"><i style=\"border-color:#212934;border-width:1px;background-color:#212934;box-sizing:content-box;height:40px;width:40px;line-height:40px;border-radius:50%;position:relative;top:auto;left:auto;margin:0;border-radius:50%;font-size:20px;\" aria-hidden=\"true\" class=\"fontawesome-icon fa-palette fas circle-yes\"><\/i><\/span><\/div><h2 class=\"content-box-heading\" style=\"--h2_typography-font-size:24px;line-height:29px;\">Gustave Singier (1909 \u2013 1984)<\/h2><\/div><div class=\"fusion-clearfix\"><\/div><div class=\"content-container\">\n<p>Gustave Singier was born in Belgium and lived in Paris until the effervescence of 1980. All his life, the painter evolves in a prolific creative universe. he painted a few cartoons for stained glass windows and tapestries, mosaics, illustrated books and<span class=\"Apple-converted-space\">  <\/span>designs costumes for Jean Villar&#8217;s Th\u00e9\u00e2tre National Populaire and for the Paris Opera. Painter of the new school of Paris, he is a professor at the Acad\u00e9mie Ran\u00e7on and belongs to the group of &#8220;Non-Figuratives&#8221;.<span class=\"Apple-converted-space\">   <\/span><\/p>\n<p>From the post-war period until the 1960s, abstract painting flourished in Paris. However, his posterity is diminished by his historical successors. On the one hand, the avant-gardes reappeared (neo-Dadaism, neo-Reaslime, neo-Fauvism) and on the other, the painters of the next generation slipped away from Paris to model themselves on the great painters of the American abstraction still unknown in France.<\/p>\n<p>Without ever fully detaching himself from reality, he strives to represent what he sees. Reality serves as a repertoire of form. The painter transposes, deforms and reforms reality to better show it in another register. If we know that geometric abstraction is never far from its way and its touch.<\/p>\n<\/div><\/div><\/div><div style=\"--awb-backgroundcolor:rgba(255,255,255,0);\" class=\"fusion-column content-box-column content-box-column content-box-column-2 col-lg-12 col-md-12 col-sm-12 fusion-content-box-hover content-box-column-last-in-row\"><div class=\"col content-box-wrapper content-wrapper link-area-link-icon content-icon-wrapper-yes icon-hover-animation-fade\" data-animationOffset=\"top-into-view\"><div class=\"heading heading-with-icon icon-left\"><div class=\"icon\"><span style=\"height:42px;width:42px;line-height:22px;border-color:rgba(255,255,255,0);border-width:1px;border-style:solid;background-color:#212934;box-sizing:content-box;border-radius:50%;\"><i style=\"border-color:#212934;border-width:1px;background-color:#212934;box-sizing:content-box;height:40px;width:40px;line-height:40px;border-radius:50%;position:relative;top:auto;left:auto;margin:0;border-radius:50%;font-size:20px;\" aria-hidden=\"true\" class=\"fontawesome-icon fa-landmark fas circle-yes\"><\/i><\/span><\/div><h2 class=\"content-box-heading\" style=\"--h2_typography-font-size:24px;line-height:29px;\">MUSEUMS<\/h2><\/div><div class=\"fusion-clearfix\"><\/div><div class=\"content-container\">\n<p>\u2022 Exhibition at the Adriano Villata gallery, 7 Feb. \u2013 March 8, 1981, Rome<\/p>\n<p>\u2022 \u201cDynamic Space\u201d fresco, University of the city of Villeuneuve d&#8217;Ascq<span class=\"Apple-converted-space\"> <\/span><\/p>\n<p>\u2022 In Paris: MNAM Center Pompidou, CNAP National Center for Plastic Arts, MAMVP Museum of Modern Art of the City of Paris<\/p>\n<p>\u2022 In France: Nantes Museum of Fine Arts, Les Abattoirs Toulouse, Dole Museum of Fine Arts<\/p>\n<\/div><\/div><\/div><div style=\"--awb-backgroundcolor:rgba(255,255,255,0);\" class=\"fusion-column content-box-column content-box-column content-box-column-3 col-lg-12 col-md-12 col-sm-12 fusion-content-box-hover content-box-column-last content-box-column-last-in-row\"><div class=\"col content-box-wrapper content-wrapper link-area-link-icon content-icon-wrapper-yes icon-hover-animation-fade\" data-animationOffset=\"top-into-view\"><div class=\"heading heading-with-icon icon-left\"><div class=\"icon\"><span style=\"height:42px;width:42px;line-height:22px;border-color:rgba(255,255,255,0);border-width:1px;border-style:solid;background-color:#212934;box-sizing:content-box;border-radius:50%;\"><i style=\"border-color:#212934;border-width:1px;background-color:#212934;box-sizing:content-box;height:40px;width:40px;line-height:40px;border-radius:50%;position:relative;top:auto;left:auto;margin:0;border-radius:50%;font-size:20px;\" aria-hidden=\"true\" class=\"fontawesome-icon fa-book-open fas circle-yes\"><\/i><\/span><\/div><h2 class=\"content-box-heading\" style=\"--h2_typography-font-size:24px;line-height:29px;\">BIBILIOGRAPHY<\/h2><\/div><div class=\"fusion-clearfix\"><\/div><div class=\"content-container\">\n<p>\u2022 Jean Musy, Jean-Jacques Aillagon and Bernard Dorival, <i>Bertholle, Chastel, Singier<\/i> , [exhibition at the National School of Fine Arts, January 27 \u2013 March 2, 1982], Paris, National School of Fine Arts, 1982<span class=\"Apple-converted-space\"> <\/span><\/p>\n<p>\u2022 Cat. exp. Camille Bourniquel, Pierre Cabanne, <i>Gustave Singier<\/i> , [exhibition at the Adriano Villata gallery, 7 Feb. \u2013 March 8, 1981] Rome, Galleria Adriano Villata, 1981<\/p>\n<p>\u2022 Pierre Encrev\u00e9, \u201cSINGIER GUSTAVE \u2013 (1909-1984)\u201d, <i>Encyclop\u00e6dia Universalis<\/i> [en ligne]\n<\/p>\n<p>Photo credits:<\/p>\n<p>\u2022 Portrait of Gustave Singier in his studio leaning on his work table \u00a9 Donation Denise Colomb, Ministry of Culture (France), Media library of architecture and heritage, diffusion RMN-GP<\/p>\n<\/div><\/div><\/div><div class=\"fusion-clearfix\"><\/div><\/div><\/div><\/div><\/div><\/div>\n","protected":false},"excerpt":{"rendered":"","protected":false},"author":1,"featured_media":0,"parent":0,"menu_order":0,"comment_status":"closed","ping_status":"closed","template":"","meta":{"_monsterinsights_skip_tracking":false,"_monsterinsights_sitenote_active":false,"_monsterinsights_sitenote_note":"","_monsterinsights_sitenote_category":0,"footnotes":""},"class_list":["post-3597","page","type-page","status-publish","hentry"],"yoast_head":"<!-- This site is optimized with the Yoast SEO plugin v27.3 - https:\/\/yoast.com\/product\/yoast-seo-wordpress\/ -->\n<title>Gustave Singier - Galerie Ballesteros<\/title>\n<meta name=\"robots\" content=\"index, follow, max-snippet:-1, max-image-preview:large, max-video-preview:-1\" \/>\n<link rel=\"canonical\" href=\"https:\/\/galerieballesteros.fr\/en\/gustave-singier\/\" \/>\n<meta property=\"og:locale\" content=\"en_US\" \/>\n<meta property=\"og:type\" content=\"article\" \/>\n<meta property=\"og:title\" content=\"Gustave Singier - Galerie Ballesteros\" \/>\n<meta property=\"og:url\" content=\"https:\/\/galerieballesteros.fr\/en\/gustave-singier\/\" \/>\n<meta property=\"og:site_name\" content=\"Galerie Ballesteros\" \/>\n<meta property=\"article:publisher\" content=\"https:\/\/www.facebook.com\/galerieballesterosparis\/\" \/>\n<meta property=\"article:modified_time\" content=\"2022-03-25T16:03:42+00:00\" \/>\n<meta property=\"og:image\" content=\"https:\/\/galerieballesteros.fr\/wp-content\/uploads\/2023\/05\/Galerie-Ballesteros-Marche-Biron.jpg\" \/>\n\t<meta property=\"og:image:width\" content=\"1280\" \/>\n\t<meta property=\"og:image:height\" content=\"720\" \/>\n\t<meta property=\"og:image:type\" content=\"image\/jpeg\" \/>\n<meta name=\"twitter:card\" content=\"summary_large_image\" \/>\n<meta name=\"twitter:label1\" content=\"Est. reading time\" \/>\n\t<meta name=\"twitter:data1\" content=\"5 minutes\" \/>\n<script type=\"application\/ld+json\" class=\"yoast-schema-graph\">{\"@context\":\"https:\\\/\\\/schema.org\",\"@graph\":[{\"@type\":\"WebPage\",\"@id\":\"https:\\\/\\\/galerieballesteros.fr\\\/en\\\/gustave-singier\\\/\",\"url\":\"https:\\\/\\\/galerieballesteros.fr\\\/en\\\/gustave-singier\\\/\",\"name\":\"Gustave Singier - Galerie Ballesteros\",\"isPartOf\":{\"@id\":\"https:\\\/\\\/galerieballesteros.fr\\\/#website\"},\"datePublished\":\"2022-03-09T10:52:12+00:00\",\"dateModified\":\"2022-03-25T16:03:42+00:00\",\"breadcrumb\":{\"@id\":\"https:\\\/\\\/galerieballesteros.fr\\\/en\\\/gustave-singier\\\/#breadcrumb\"},\"inLanguage\":\"en-US\",\"potentialAction\":[{\"@type\":\"ReadAction\",\"target\":[\"https:\\\/\\\/galerieballesteros.fr\\\/en\\\/gustave-singier\\\/\"]}]},{\"@type\":\"BreadcrumbList\",\"@id\":\"https:\\\/\\\/galerieballesteros.fr\\\/en\\\/gustave-singier\\\/#breadcrumb\",\"itemListElement\":[{\"@type\":\"ListItem\",\"position\":1,\"name\":\"Accueil\",\"item\":\"https:\\\/\\\/galerieballesteros.fr\\\/en\\\/homepage\\\/\"},{\"@type\":\"ListItem\",\"position\":2,\"name\":\"Gustave Singier\"}]},{\"@type\":\"WebSite\",\"@id\":\"https:\\\/\\\/galerieballesteros.fr\\\/#website\",\"url\":\"https:\\\/\\\/galerieballesteros.fr\\\/\",\"name\":\"Galerie Ballesteros\",\"description\":\"L&#039;Art que vous aimez\",\"publisher\":{\"@id\":\"https:\\\/\\\/galerieballesteros.fr\\\/#organization\"},\"potentialAction\":[{\"@type\":\"SearchAction\",\"target\":{\"@type\":\"EntryPoint\",\"urlTemplate\":\"https:\\\/\\\/galerieballesteros.fr\\\/?s={search_term_string}\"},\"query-input\":{\"@type\":\"PropertyValueSpecification\",\"valueRequired\":true,\"valueName\":\"search_term_string\"}}],\"inLanguage\":\"en-US\"},{\"@type\":\"Organization\",\"@id\":\"https:\\\/\\\/galerieballesteros.fr\\\/#organization\",\"name\":\"Galerie Ballesteros\",\"url\":\"https:\\\/\\\/galerieballesteros.fr\\\/\",\"logo\":{\"@type\":\"ImageObject\",\"inLanguage\":\"en-US\",\"@id\":\"https:\\\/\\\/galerieballesteros.fr\\\/#\\\/schema\\\/logo\\\/image\\\/\",\"url\":\"https:\\\/\\\/galerieballesteros.fr\\\/wp-content\\\/uploads\\\/2022\\\/03\\\/Logo-Sigle-Insta.png\",\"contentUrl\":\"https:\\\/\\\/galerieballesteros.fr\\\/wp-content\\\/uploads\\\/2022\\\/03\\\/Logo-Sigle-Insta.png\",\"width\":612,\"height\":619,\"caption\":\"Galerie Ballesteros\"},\"image\":{\"@id\":\"https:\\\/\\\/galerieballesteros.fr\\\/#\\\/schema\\\/logo\\\/image\\\/\"},\"sameAs\":[\"https:\\\/\\\/www.facebook.com\\\/galerieballesterosparis\\\/\",\"https:\\\/\\\/www.instagram.com\\\/galerieballesteros\\\/\"]}]}<\/script>\n<!-- \/ Yoast SEO plugin. -->","yoast_head_json":{"title":"Gustave Singier - Galerie Ballesteros","robots":{"index":"index","follow":"follow","max-snippet":"max-snippet:-1","max-image-preview":"max-image-preview:large","max-video-preview":"max-video-preview:-1"},"canonical":"https:\/\/galerieballesteros.fr\/en\/gustave-singier\/","og_locale":"en_US","og_type":"article","og_title":"Gustave Singier - Galerie Ballesteros","og_url":"https:\/\/galerieballesteros.fr\/en\/gustave-singier\/","og_site_name":"Galerie Ballesteros","article_publisher":"https:\/\/www.facebook.com\/galerieballesterosparis\/","article_modified_time":"2022-03-25T16:03:42+00:00","og_image":[{"width":1280,"height":720,"url":"https:\/\/galerieballesteros.fr\/wp-content\/uploads\/2023\/05\/Galerie-Ballesteros-Marche-Biron.jpg","type":"image\/jpeg"}],"twitter_card":"summary_large_image","twitter_misc":{"Est. reading time":"5 minutes"},"schema":{"@context":"https:\/\/schema.org","@graph":[{"@type":"WebPage","@id":"https:\/\/galerieballesteros.fr\/en\/gustave-singier\/","url":"https:\/\/galerieballesteros.fr\/en\/gustave-singier\/","name":"Gustave Singier - Galerie Ballesteros","isPartOf":{"@id":"https:\/\/galerieballesteros.fr\/#website"},"datePublished":"2022-03-09T10:52:12+00:00","dateModified":"2022-03-25T16:03:42+00:00","breadcrumb":{"@id":"https:\/\/galerieballesteros.fr\/en\/gustave-singier\/#breadcrumb"},"inLanguage":"en-US","potentialAction":[{"@type":"ReadAction","target":["https:\/\/galerieballesteros.fr\/en\/gustave-singier\/"]}]},{"@type":"BreadcrumbList","@id":"https:\/\/galerieballesteros.fr\/en\/gustave-singier\/#breadcrumb","itemListElement":[{"@type":"ListItem","position":1,"name":"Accueil","item":"https:\/\/galerieballesteros.fr\/en\/homepage\/"},{"@type":"ListItem","position":2,"name":"Gustave Singier"}]},{"@type":"WebSite","@id":"https:\/\/galerieballesteros.fr\/#website","url":"https:\/\/galerieballesteros.fr\/","name":"Galerie Ballesteros","description":"L&#039;Art que vous aimez","publisher":{"@id":"https:\/\/galerieballesteros.fr\/#organization"},"potentialAction":[{"@type":"SearchAction","target":{"@type":"EntryPoint","urlTemplate":"https:\/\/galerieballesteros.fr\/?s={search_term_string}"},"query-input":{"@type":"PropertyValueSpecification","valueRequired":true,"valueName":"search_term_string"}}],"inLanguage":"en-US"},{"@type":"Organization","@id":"https:\/\/galerieballesteros.fr\/#organization","name":"Galerie Ballesteros","url":"https:\/\/galerieballesteros.fr\/","logo":{"@type":"ImageObject","inLanguage":"en-US","@id":"https:\/\/galerieballesteros.fr\/#\/schema\/logo\/image\/","url":"https:\/\/galerieballesteros.fr\/wp-content\/uploads\/2022\/03\/Logo-Sigle-Insta.png","contentUrl":"https:\/\/galerieballesteros.fr\/wp-content\/uploads\/2022\/03\/Logo-Sigle-Insta.png","width":612,"height":619,"caption":"Galerie Ballesteros"},"image":{"@id":"https:\/\/galerieballesteros.fr\/#\/schema\/logo\/image\/"},"sameAs":["https:\/\/www.facebook.com\/galerieballesterosparis\/","https:\/\/www.instagram.com\/galerieballesteros\/"]}]}},"_links":{"self":[{"href":"https:\/\/galerieballesteros.fr\/en\/wp-json\/wp\/v2\/pages\/3597","targetHints":{"allow":["GET"]}}],"collection":[{"href":"https:\/\/galerieballesteros.fr\/en\/wp-json\/wp\/v2\/pages"}],"about":[{"href":"https:\/\/galerieballesteros.fr\/en\/wp-json\/wp\/v2\/types\/page"}],"author":[{"embeddable":true,"href":"https:\/\/galerieballesteros.fr\/en\/wp-json\/wp\/v2\/users\/1"}],"replies":[{"embeddable":true,"href":"https:\/\/galerieballesteros.fr\/en\/wp-json\/wp\/v2\/comments?post=3597"}],"version-history":[{"count":2,"href":"https:\/\/galerieballesteros.fr\/en\/wp-json\/wp\/v2\/pages\/3597\/revisions"}],"predecessor-version":[{"id":3611,"href":"https:\/\/galerieballesteros.fr\/en\/wp-json\/wp\/v2\/pages\/3597\/revisions\/3611"}],"wp:attachment":[{"href":"https:\/\/galerieballesteros.fr\/en\/wp-json\/wp\/v2\/media?parent=3597"}],"curies":[{"name":"wp","href":"https:\/\/api.w.org\/{rel}","templated":true}]}}